{"id":18,"date":"2014-03-14T21:00:28","date_gmt":"2014-03-14T21:00:28","guid":{"rendered":"http:\/\/aklegal.pl\/en\/?page_id=18"},"modified":"2014-08-14T17:06:33","modified_gmt":"2014-08-14T17:06:33","slug":"media","status":"publish","type":"page","link":"https:\/\/aklegal.pl\/en\/media\/","title":{"rendered":"Media"},"content":{"rendered":"<h4 style=\"font-size:16px;\">Publications concerning AKLEGAL Law Firm &amp; Advocate Artur Krzykowski, PhD in media<\/h4>\n<ul>\n<li><a href=\"http:\/\/www.legalnews24.pl\/artykuly,10210,21142,kancelaria-aklegal-dla-united-nations-global-compact\" target=\"_blank\">legalnews24.pl: AKLEGAL dla United Nations Global Compact (more&#8230;)<\/a><\/li>\n<li><a href=\"http:\/\/biznes.onet.pl\/ryzyko-prawne-sprawowania-funkcji-czlonka-zarzadu-spolki-z-o-o\/dtew8\" target=\"_blank\">Biznes.Onet.pl: Ryzyko prawne sprawowania funkcji cz\u0142onka zarz\u0105du sp\u00f3\u0142ki z o.o. (more&#8230;)<\/a><\/li>\n<li><a href=\"http:\/\/biznes.onet.pl\/obowiazki-informacyjne-i-rejestrowe-ciazace-na-zarzadzie\/626kn\" target=\"_blank\">Biznes.Onet.pl: Obowi\u0105zki informacyjne i rejestrowe ci\u0105\u017c\u0105ce na zarz\u0105dzie. (more&#8230;)<\/a><\/li>\n<li><a href=\"http:\/\/biznes.onet.pl\/sa-50-tys-usd-odszkodowania-dla-corki-cimoszewicza\/y77gy\" target=\"_blank\">Biznes.Onet.pl: SA: 50 tys. USD odszkodowania dla c\u00f3rki Cimoszewicza (more..)<\/a><\/li>\n<li><a href=\"http:\/\/www.biznes.newseria.pl\/komunikaty\/orzeczenie_sadu,b1943371207\" target=\"_blank\">Biznes.Newseria.pl: Orzeczenie S\u0105du Apelacyjnego przychylne dla tygodnika WPROST (more&#8230;)<\/a><\/li>\n<li><a href=\"http:\/\/news.kafito.pl\/artykul\/orzeczenie-sadu-apelacyjnego-przychylne-dla-tygodnika-wprost,55092.html\" target=\"_blank\">Kafito.pl: Tygodnik WPROST nie b\u0119dzie zmuszony do zap\u0142acenia odszkodowania 5 mln USD (more&#8230;)<\/a><\/li>\n<li><a href=\"http:\/\/europeandcis.undp.org\/blog\/2012\/05\/15\/social-economy-angels\/\" target=\"_blank\">Europeandcis.undp.org: Social Economy Angels (more&#8230;)<\/a><\/li>\n<li><a href=\"http:\/\/www.gf24.pl\/11924\/uwazaj-na-umowy-leasingowe\" target=\"_blank\">GF24.pl: Uwa\u017caj na umowy leasingowe (more&#8230;)<\/a><\/li>\n<li><a href=\"http:\/\/www.forbes.pl\/handel-dzialkami-glownie-przez-internet,artykuly,135671,1,1.html\" target=\"_blank\">Forbes.pl: Handel dzia\u0142kami g\u0142\u00f3wnie przez internet (more&#8230;)<\/a><\/li>\n<li><a href=\"http:\/\/www.legalpoint.pl\/badania-analizy-opinie\/dr-krzykowski-super-prawnicy-rozdaja-karty\/EQ16jy\" target=\"_blank\">LegalPoint.pl: Dr Krzykowski &#8211; Super prawnicy rozdaj\u0105 karty (more&#8230;)<\/a><\/li>\n<li><a href=\"http:\/\/tvp.info\/informacje\/biznes\/w-sieci-kwitnie-handel-dzialkami\/9395796\" target=\"_blank\">TVP.info: W sieci kwitnie handel dzia\u0142kami (more&#8230;)<\/a><\/li>\n<li><a href=\"http:\/\/tv.legalpoint.pl\/Home\/Index\/795\/617431\" target=\"_blank\">TV.LegalPoint.pl (more&#8230;)<\/a><\/li>\n<\/ul>\n<h4 style=\"font-size:16px;\">Other informations about us in media:<\/h4>\n<ul>\n<li><a href=\"http:\/\/www.radiownet.pl\/publikacje\/orzeczenie-sadu-apelacyjnego-przychylne-dla-tygodnika-wprost\" target=\"_blank\">RadioWnet.pl: Orzeczenie S\u0105du Apelacyjnego przychylne dla tygodnika WPROST (more&#8230;)<\/a><\/li>\n<li><a href=\"http:\/\/www.rzecznikprasowy.pl\/portal.php?porada=15352\" target=\"_blank\">RzecznikPrasowy.pl: Orzeczenie S\u0105du Apelacyjnego przychylne dla tygodnika WPROST (more&#8230;)<\/a><\/li>\n<li><a href=\"http:\/\/www.informacjeprasowe.pl\/finanse-40\/orzeczenie_sadu_apelacyjnego_przychylne_dla_tygodnika_wprost-15352.html\" target=\"_blank\">InformacjePrasowe.pl: Orzeczenie S\u0105du Apelacyjnego przychylne dla tygodnika WPROST (more&#8230;)<\/a><\/li>\n<li><a href=\"http:\/\/centrumpr.pl\/artykul\/orzeczenie-sadu-apelacyjnego-przychylne-dla-tygodnika-wprost,55092.html\" target=\"_blank\">CentrumPR.pl: Orzeczenie S\u0105du Apelacyjnego przychylne dla tygodnika WPROST (more&#8230;)<\/a><\/li>\n<li><a href=\"http:\/\/archnews.pl\/artykul\/orzeczenie-sadu-apelacyjnego-przychylne-dla-tygodnika-wprost,55092.html\" target=\"_blank\">ArchNews.pl: Orzeczenie S\u0105du Apelacyjnego przychylne dla tygodnika WPROST (more&#8230;)<\/a><\/li>\n<li><a href=\"http:\/\/www.pap.pl\/palio\/html.run?_Instance=cms_www.pap.pl&#038;_PageID=1&#038;s=infopakiet&#038;dz=kraj&#038;idNewsComp&#038;filename&#038;idnews=147543&#038;data&#038;status=biezace&#038;_CheckSum=1101611632\" target=\"_blank\">PAP.pl: S\u0105d Apelacyjny: 50 tys. USD odszkodowania dla c\u00f3rki Cimoszewicza (more&#8230;)<\/a><\/li>\n<li><a href=\"http:\/\/www.rp.pl\/artykul\/10,1086545-50-tysiecy-dolarow-dla-corki-Cimoszewicza.html\" target=\"_blank\">RP.pl: 50 tysi\u0119cy dolar\u00f3w dla c\u00f3rki Cimoszewicza (more&#8230;)<\/a><\/li>\n<li><a href=\"http:\/\/wiadomosci.onet.pl\/kraj\/sa-50-tys-usd-odszkodowania-dla-corki-cimoszewicza\/yz215\" target=\"_blank\">Onet.pl: SA: 50 tys. USD odszkodowania dla c\u00f3rki Cimoszewicza (more&#8230;)<\/a><\/li>\n<li><a href=\"http:\/\/www.legalpoint.pl\/badania-analizy-opinie\/tak-bawili-sie-najlepsi-z-branzy-zobacz-zdjecia-z-gali-rising-stars\/CwnlIJ\" target=\"_blank\">LegalPoint.pl: Gala Rising Stars (more&#8230;)<\/a><\/li>\n<li><a href=\"http:\/\/www.portfel.pl\/pl\/zasoby\/download\/id\/57\" target=\"_blank\">Portfel.pl (more&#8230;)<\/a><\/li>\n<\/ul>\n<h4 style=\"font-size:16px;\">Additional informations about as in media:<\/h4>\n<ul>\n<li><a href=\"http:\/\/www.twojbiznes24.pl\/artykuly,10218,22421,ryzyko-prawne-sprawowania-funkcji-czlonka-zarzadu-spolki-z-o-o\" target=\"_blank\">TwojBiznes24.pl: Ryzyko prawne sprawowania funkcji cz\u0142onka zarz\u0105du sp\u00f3\u0142ki z o.o. (more&#8230;)<\/a><\/li>\n<li><a href=\"http:\/\/www.twojbiznes24.pl\/artykuly,10221,22424,obowiazki-informacyjne-i-rejestrowe-ciazace-na-zarzadzie\" target=\"_blank\">TwojBiznes24.pl: Obowi\u0105zki informacyjne i rejestrowe ci\u0105\u017c\u0105ce na zarz\u0105dzie (more&#8230;)<\/a><\/li>\n<li><a href=\"http:\/\/biznes.pl\/firma\/prawo\/obowiazki-informacyjne-i-rejestrowe-ciazace-na-zar,5644287,news-detal.html\" target=\"_blank\">Biznes.pl: Obowi\u0105zki informacyjne i rejestrowe ci\u0105\u017c\u0105ce na zarz\u0105dzie (more&#8230;)<\/a><\/li>\n<li><a href=\"http:\/\/biznes.pl\/firma\/prawo\/ryzyko-prawne-sprawowania-funkcji-czlonka-zarzadu-,5644288,news-detal.html\" target=\"_blank\">Biznes.pl: Ryzyko prawne sprawowania funkcji cz\u0142onka zarz\u0105du sp\u00f3\u0142ki z o.o. (more&#8230;)<\/a><\/li>\n<li><a href=\"http:\/\/wwww.legalpoint.pl\/trendy-i-innowacje-2012\/warto-zaplacic-za-tworczych-prawnikow\/qEEuWt\" target=\"_blank\">LegalPoint.pl: Warto zap\u0142aci\u0107 za tw\u00f3rczych prawnik\u00f3w (more&#8230;)<\/a><\/li>\n<li><a href=\"http:\/\/www.parkiet.com\/artykul\/29,1295615.html\" target=\"_blank\">Parkiet.com (more&#8230;)<\/a><\/li>\n<li><a href=\"http:\/\/biznes.onet.pl\/w-sieci-kwitnie-handel-dzialkami,18496,5327895,1,prasa-detal\" target=\"_blank\">Biznes.onet.pl: W sieci kwitnie handel dzia\u0142kami (more&#8230;)<\/a><\/li>\n<li><a href=\"http:\/\/biznes.interia.pl\/nieruchomosci\/news\/w-si\u0119ci-kwitnie-handel-dzialkami,1871755\" target=\"_blank\">Biznes.interia.pl: W sieci kwitnie handel dzia\u0142kami (more&#8230;)<\/a><\/li>\n<li><a href=\"http:\/\/www.ekonomia24.pl\/artykul\/707218,960160-W-sieci-kwitnie-handel-dzialkami.html\" target=\"_blank\">Ekonomia24.pl: W sieci kwitnie handel dzia\u0142kami (more&#8230;)<\/a><\/li>\n<li><a href=\"http:\/\/forsal.pl\/artykuly\/667932,oferta_dzialki_w_sieci_lepsza_od_agencyjnej.html\" target=\"_blank\">Forsal.pl: Oferta dzia\u0142ki w sieci lepsza od agencyjnej (more&#8230;)<\/a><\/li>\n<li><a href=\"http:\/\/www.bankier.pl\/wiadomosc\/W-sieci-kwitnie-handel-ziemia-2699032.html\" target=\"_blank\">Bankier.pl: W sieci kwitnie handel ziemi\u0105 (more&#8230;)<\/a><\/li>\n<li><a href=\"http:\/\/wyborcza.biz\/biznes\/1,100969,13027284,_PB___W_sieci_kwitnie_handel_dzialkami.html\" target=\"_blank\">Wyborcza.biz: W sieci kwitnie handel ziemi\u0105 (more&#8230;)<\/a><\/li>\n<li><a href=\"http:\/\/wyborcza.biz\/biznes\/1,100969,13027242,_Puls_Biznesu___W_sieci_kwitnie_handel_dzialkami.html\" target=\"_blank\">Wyborcza.biz: Puls Biznesu &#8211; W sieci kwitnie handel ziemi\u0105 (more&#8230;)<\/a><\/li>\n<li><a href=\"http:\/\/biznes.pl\/magazyny\/nieruchomosci\/dzialki_budowlane\/w-sieci-kwitnie-handel-dzialkami,5327895,magazyn-detal.html\" target=\"_blank\">Biznes.pl: W sieci kwitnie handel ziemi\u0105 (more&#8230;)<\/a><\/li>\n<li><a href=\"http:\/\/budownictwo.wnp.pl\/w-sieci-kwitnie-handel-dzialkami,185625_1_0_0.html\" target=\"_blank\">Budownictwo.wnp.pl: W sieci kwitnie handel dzia\u0142kami (more&#8230;)<\/a><\/li>\n<li><a href=\"http:\/\/www.portalspozywczy.pl\/finanse\/wiadomosci\/w-sieci-kwitnie-handel-dzialkami,79571.html\" target=\"_blank\">PortalSpo\u017cywczy.pl: W sieci kwitnie handel dzia\u0142kami (more&#8230;)<\/a><\/li>\n<\/ul>\n","protected":false},"excerpt":{"rendered":"<p>Publications concerning AKLEGAL Law Firm &amp; Advocate Artur Krzykowski, PhD in media legalnews24.pl: AKLEGAL dla United Nations Global Compact (more&#8230;) Biznes.Onet.pl: Ryzyko prawne sprawowania funkcji cz\u0142onka zarz\u0105du sp\u00f3\u0142ki z o.o. (more&#8230;) Biznes.Onet.pl: Obowi\u0105zki informacyjne i rejestrowe ci\u0105\u017c\u0105ce na zarz\u0105dzie. (more&#8230;) Biznes.Onet.pl: SA: 50 tys. USD odszkodowania dla c\u00f3rki Cimoszewicza (more..) Biznes.Newseria.pl: Orzeczenie S\u0105du Apelacyjnego przychylne dla tygodnika WPROST (more&#8230;) Kafito.pl: Tygodnik WPROST nie b\u0119dzie zmuszony do zap\u0142acenia odszkodowania 5 mln USD (more&#8230;) Europeandcis.undp.org: Social Economy Angels (more&#8230;) GF24.pl: Uwa\u017caj na umowy leasingowe (more&#8230;) Forbes.pl: Handel dzia\u0142kami g\u0142\u00f3wnie przez internet (more&#8230;) LegalPoint.pl: Dr Krzykowski &#8211; Super prawnicy rozdaj\u0105 karty (more&#8230;) TVP.info:&nbsp;<a href=\"https:\/\/aklegal.pl\/en\/media\/\" class=\"read-more\">Continue Reading<\/a><\/p>\n","protected":false},"author":1,"featured_media":0,"parent":0,"menu_order":0,"comment_status":"open","ping_status":"open","template":"","meta":{"footnotes":""},"class_list":["post-18","page","type-page","status-publish","hentry"],"_links":{"self":[{"href":"https:\/\/aklegal.pl\/en\/wp-json\/wp\/v2\/pages\/18","targetHints":{"allow":["GET"]}}],"collection":[{"href":"https:\/\/aklegal.pl\/en\/wp-json\/wp\/v2\/pages"}],"about":[{"href":"https:\/\/aklegal.pl\/en\/wp-json\/wp\/v2\/types\/page"}],"author":[{"embeddable":true,"href":"https:\/\/aklegal.pl\/en\/wp-json\/wp\/v2\/users\/1"}],"replies":[{"embeddable":true,"href":"https:\/\/aklegal.pl\/en\/wp-json\/wp\/v2\/comments?post=18"}],"version-history":[{"count":22,"href":"https:\/\/aklegal.pl\/en\/wp-json\/wp\/v2\/pages\/18\/revisions"}],"predecessor-version":[{"id":779,"href":"https:\/\/aklegal.pl\/en\/wp-json\/wp\/v2\/pages\/18\/revisions\/779"}],"wp:attachment":[{"href":"https:\/\/aklegal.pl\/en\/wp-json\/wp\/v2\/media?parent=18"}],"curies":[{"name":"wp","href":"https:\/\/api.w.org\/{rel}","templated":true}]}}